{"id":71,"date":"2024-06-25T22:50:16","date_gmt":"2024-06-25T20:50:16","guid":{"rendered":"https:\/\/la-voulzie.com\/?page_id=71"},"modified":"2024-06-25T22:50:16","modified_gmt":"2024-06-25T20:50:16","slug":"retombees-presses","status":"publish","type":"page","link":"https:\/\/la-voulzie.com\/index.php\/retombees-presses\/","title":{"rendered":"Retomb\u00e9es presses"},"content":{"rendered":"\n<p>D&#8217;apr\u00e8s<strong><em> &#8220;Le Magazine des livres en Juin 1995&#8221;<\/em><\/strong> :<\/p>\n\n\n\n<figure class=\"wp-block-image size-large\"><img loading=\"lazy\" decoding=\"async\" width=\"585\" height=\"1024\" src=\"https:\/\/la-voulzie.com\/wp-content\/uploads\/2024\/06\/1719346264459-585x1024.jpg\" alt=\"\" class=\"wp-image-76\" srcset=\"https:\/\/la-voulzie.com\/wp-content\/uploads\/2024\/06\/1719346264459-585x1024.jpg 585w, https:\/\/la-voulzie.com\/wp-content\/uploads\/2024\/06\/1719346264459-171x300.jpg 171w, https:\/\/la-voulzie.com\/wp-content\/uploads\/2024\/06\/1719346264459-768x1345.jpg 768w, https:\/\/la-voulzie.com\/wp-content\/uploads\/2024\/06\/1719346264459-877x1536.jpg 877w, https:\/\/la-voulzie.com\/wp-content\/uploads\/2024\/06\/1719346264459-1170x2048.jpg 1170w, https:\/\/la-voulzie.com\/wp-content\/uploads\/2024\/06\/1719346264459-scaled.jpg 1462w\" sizes=\"auto, (max-width: 585px) 100vw, 585px\" \/><\/figure>\n\n\n\n<p>D&#8217;apr\u00e8s <strong><em>&#8220;Les Nouvelles Litteraires le 4 juin 1981&#8221;<\/em><\/strong> :<\/p>\n\n\n\n<figure class=\"wp-block-image size-full\"><img loading=\"lazy\" decoding=\"async\" width=\"439\" height=\"250\" src=\"https:\/\/la-voulzie.com\/wp-content\/uploads\/2024\/06\/thumbnail_1719346264452.jpg\" alt=\"\" class=\"wp-image-72\" srcset=\"https:\/\/la-voulzie.com\/wp-content\/uploads\/2024\/06\/thumbnail_1719346264452.jpg 439w, https:\/\/la-voulzie.com\/wp-content\/uploads\/2024\/06\/thumbnail_1719346264452-300x171.jpg 300w\" sizes=\"auto, (max-width: 439px) 100vw, 439px\" \/><\/figure>\n\n\n\n<p>D&#8217;apr\u00e8s <strong><em>&#8220;L&#8217;Action Fran\u00e7aise le Jeudi 10 mai 1979&#8221;<\/em><\/strong> :<\/p>\n\n\n\n<figure class=\"wp-block-image size-full\"><img loading=\"lazy\" decoding=\"async\" width=\"250\" height=\"291\" src=\"https:\/\/la-voulzie.com\/wp-content\/uploads\/2024\/06\/thumbnail_1719346264488.jpg\" alt=\"\" class=\"wp-image-73\"\/><\/figure>\n\n\n\n<p>D&#8217;apr\u00e8s <strong><em>&#8220;L&#8217;EXPRESS&#8221; 21-27 avril 1979<\/em><\/strong> :<\/p>\n\n\n\n<figure class=\"wp-block-image size-large\"><img loading=\"lazy\" decoding=\"async\" width=\"228\" height=\"1024\" src=\"https:\/\/la-voulzie.com\/wp-content\/uploads\/2024\/06\/1719346264479-228x1024.jpg\" alt=\"\" class=\"wp-image-77\" srcset=\"https:\/\/la-voulzie.com\/wp-content\/uploads\/2024\/06\/1719346264479-228x1024.jpg 228w, https:\/\/la-voulzie.com\/wp-content\/uploads\/2024\/06\/1719346264479-67x300.jpg 67w\" sizes=\"auto, (max-width: 228px) 100vw, 228px\" \/><\/figure>\n\n\n\n<p>D&#8217;apr\u00e8s <strong><em>&#8220;Le Matin Television&#8221; le 19 avril 1979<\/em><\/strong> :<\/p>\n\n\n\n<figure class=\"wp-block-image size-large\"><img loading=\"lazy\" decoding=\"async\" width=\"910\" height=\"1024\" src=\"https:\/\/la-voulzie.com\/wp-content\/uploads\/2024\/06\/1719346264499-910x1024.jpg\" alt=\"\" class=\"wp-image-78\" srcset=\"https:\/\/la-voulzie.com\/wp-content\/uploads\/2024\/06\/1719346264499-910x1024.jpg 910w, https:\/\/la-voulzie.com\/wp-content\/uploads\/2024\/06\/1719346264499-267x300.jpg 267w, https:\/\/la-voulzie.com\/wp-content\/uploads\/2024\/06\/1719346264499-768x864.jpg 768w, https:\/\/la-voulzie.com\/wp-content\/uploads\/2024\/06\/1719346264499-1365x1536.jpg 1365w, https:\/\/la-voulzie.com\/wp-content\/uploads\/2024\/06\/1719346264499-1820x2048.jpg 1820w\" sizes=\"auto, (max-width: 910px) 100vw, 910px\" \/><\/figure>\n\n\n\n<p>D&#8217;apr\u00e8s <strong><em>&#8220;L&#8217;Est Republicain&#8221; le 22 mars 1979<\/em><\/strong> :<\/p>\n\n\n\n<figure class=\"wp-block-image size-large\"><img loading=\"lazy\" decoding=\"async\" width=\"978\" height=\"1024\" src=\"https:\/\/la-voulzie.com\/wp-content\/uploads\/2024\/06\/1719346264510-978x1024.jpg\" alt=\"\" class=\"wp-image-79\" srcset=\"https:\/\/la-voulzie.com\/wp-content\/uploads\/2024\/06\/1719346264510-978x1024.jpg 978w, https:\/\/la-voulzie.com\/wp-content\/uploads\/2024\/06\/1719346264510-286x300.jpg 286w, https:\/\/la-voulzie.com\/wp-content\/uploads\/2024\/06\/1719346264510-768x804.jpg 768w, https:\/\/la-voulzie.com\/wp-content\/uploads\/2024\/06\/1719346264510-1466x1536.jpg 1466w, https:\/\/la-voulzie.com\/wp-content\/uploads\/2024\/06\/1719346264510-1955x2048.jpg 1955w\" sizes=\"auto, (max-width: 978px) 100vw, 978px\" \/><\/figure>\n\n\n\n<p>D&#8217;apr\u00e8s <strong><em>&#8220;Les Nouvelles Literaires&#8221; le 22 mars 1979<\/em><\/strong> :<\/p>\n\n\n\n<figure class=\"wp-block-image size-full\"><img loading=\"lazy\" decoding=\"async\" width=\"250\" height=\"303\" src=\"https:\/\/la-voulzie.com\/wp-content\/uploads\/2024\/06\/thumbnail_1719346264466.jpg\" alt=\"\" class=\"wp-image-75\" srcset=\"https:\/\/la-voulzie.com\/wp-content\/uploads\/2024\/06\/thumbnail_1719346264466.jpg 250w, https:\/\/la-voulzie.com\/wp-content\/uploads\/2024\/06\/thumbnail_1719346264466-248x300.jpg 248w\" sizes=\"auto, (max-width: 250px) 100vw, 250px\" \/><\/figure>\n\n\n\n<p>D&#8217;apr\u00e8s <strong><em>&#8220;Le Parisien&#8221;1979<\/em><\/strong> :<\/p>\n\n\n\n<figure class=\"wp-block-image size-full\"><img loading=\"lazy\" decoding=\"async\" width=\"981\" height=\"250\" src=\"https:\/\/la-voulzie.com\/wp-content\/uploads\/2024\/06\/thumbnail_1719346264445.jpg\" alt=\"\" class=\"wp-image-74\" srcset=\"https:\/\/la-voulzie.com\/wp-content\/uploads\/2024\/06\/thumbnail_1719346264445.jpg 981w, https:\/\/la-voulzie.com\/wp-content\/uploads\/2024\/06\/thumbnail_1719346264445-300x76.jpg 300w, https:\/\/la-voulzie.com\/wp-content\/uploads\/2024\/06\/thumbnail_1719346264445-768x196.jpg 768w\" sizes=\"auto, (max-width: 981px) 100vw, 981px\" \/><\/figure>\n","protected":false},"excerpt":{"rendered":"<p>D&#8217;apr\u00e8s &#8220;Le Magazine des livres en Juin 1995&#8221; : D&#8217;apr\u00e8s &#8220;Les Nouvelles Litteraires le 4 juin 1981&#8221; : D&#8217;apr\u00e8s &#8220;L&#8217;Action Fran\u00e7aise le Jeudi 10 mai 1979&#8221; : D&#8217;apr\u00e8s &#8220;L&#8217;EXPRESS&#8221; 21-27 avril 1979 : D&#8217;apr\u00e8s &#8220;Le Matin Television&#8221; le 19 avril 1979 : D&#8217;apr\u00e8s &#8220;L&#8217;Est Republicain&#8221; le 22 mars 1979 : D&#8217;apr\u00e8s &#8220;Les Nouvelles Literaires&#8221; le [&hellip;]<\/p>\n","protected":false},"author":1,"featured_media":0,"parent":0,"menu_order":0,"comment_status":"closed","ping_status":"closed","template":"","meta":{"footnotes":""},"class_list":["post-71","page","type-page","status-publish","hentry"],"_links":{"self":[{"href":"https:\/\/la-voulzie.com\/index.php\/wp-json\/wp\/v2\/pages\/71","targetHints":{"allow":["GET"]}}],"collection":[{"href":"https:\/\/la-voulzie.com\/index.php\/wp-json\/wp\/v2\/pages"}],"about":[{"href":"https:\/\/la-voulzie.com\/index.php\/wp-json\/wp\/v2\/types\/page"}],"author":[{"embeddable":true,"href":"https:\/\/la-voulzie.com\/index.php\/wp-json\/wp\/v2\/users\/1"}],"replies":[{"embeddable":true,"href":"https:\/\/la-voulzie.com\/index.php\/wp-json\/wp\/v2\/comments?post=71"}],"version-history":[{"count":1,"href":"https:\/\/la-voulzie.com\/index.php\/wp-json\/wp\/v2\/pages\/71\/revisions"}],"predecessor-version":[{"id":80,"href":"https:\/\/la-voulzie.com\/index.php\/wp-json\/wp\/v2\/pages\/71\/revisions\/80"}],"wp:attachment":[{"href":"https:\/\/la-voulzie.com\/index.php\/wp-json\/wp\/v2\/media?parent=71"}],"curies":[{"name":"wp","href":"https:\/\/api.w.org\/{rel}","templated":true}]}}