{"id":34,"date":"2024-04-15T15:10:22","date_gmt":"2024-04-15T13:10:22","guid":{"rendered":"https:\/\/la-voulzie.com\/?page_id=34"},"modified":"2024-09-14T12:04:54","modified_gmt":"2024-09-14T10:04:54","slug":"mes-livres","status":"publish","type":"page","link":"https:\/\/la-voulzie.com\/index.php\/mes-livres\/","title":{"rendered":"Mes Livres"},"content":{"rendered":"\n<figure class=\"wp-block-gallery has-nested-images columns-default is-cropped wp-block-gallery-1 is-layout-flex wp-block-gallery-is-layout-flex\">\n<figure class=\"wp-block-image size-full is-resized\"><img loading=\"lazy\" decoding=\"async\" width=\"416\" height=\"605\" data-id=\"87\" src=\"https:\/\/la-voulzie.com\/wp-content\/uploads\/2024\/08\/New.jpg\" alt=\"\" class=\"wp-image-87\" style=\"width:214px;height:auto\" srcset=\"https:\/\/la-voulzie.com\/wp-content\/uploads\/2024\/08\/New.jpg 416w, https:\/\/la-voulzie.com\/wp-content\/uploads\/2024\/08\/New-206x300.jpg 206w\" sizes=\"auto, (max-width: 416px) 100vw, 416px\" \/><\/figure>\n<\/figure>\n\n\n\n<p><em><strong>Texte original du roman Le Gu\u00eapiot \/ Sortie fin octobre chez la Fnac.com<\/strong><\/em><\/p>\n\n\n\n<p><strong>Texte de la 4eme de couverture : <\/strong><\/p>\n\n\n\n<p>\u2013 Mademoiselle Hauteville, que faites-vous en bas des escaliers, habill\u00e9e comme en hiver ?<br>\u2013 J\u2019attends mon papa. <br>\u2013 Ici vous \u00eates dans un orphelinat, vous n\u2019avez toujours pas compris que vos parents vous ont abandonn\u00e9e. <br>\u2013 C\u2019est pas vrai, ma s\u0153ur, vous \u00eates une menteuse, pas mon papa, je le lui dirai quand il viendra me chercher.                                                                            S\u0153ur Marie-Joseph lui assena une violente paire de gifles.<br>\u2013 \u00c7a vous apprendra \u00e0 respecter vos sup\u00e9rieurs. <br>Tu vois papa, je ne pleure pas, je n\u2019ai pas oubli\u00e9 ce que tu m\u2019as appris, toujours sourire, le c\u0153ur douloureux, ne jamais rien montrer, \u00e7a fait trop plaisir aux gens.<br>\u2013 S\u0153ur Marie-Joseph, d\u00e9sol\u00e9e de vous interompre mais Mademoiselle Hauteville est attendue au parloir.<\/p>\n\n\n\n<div class=\"wp-block-group is-vertical is-layout-flex wp-container-core-group-is-layout-fe9cc265 wp-block-group-is-layout-flex\">\n<p><\/p>\n<\/div>\n\n\n\n<p><em><strong>Extrait &#8220;Le Gu\u00eapiot&#8221;<\/strong><\/em> <strong><em>:<\/em><\/strong><\/p>\n\n\n\n<p>&#8211; Gu\u00eapiot !<br>&#8211; Papa ! Maman ne veut plus de moi !<br>&#8211; Tu l&#8217;encombres ! Et moi avec ! Elle n&#8217;a qu\u00e0 se faire la malle, la porte est grande ouverte ; mais cette fois elle y est all\u00e9e trop fort. Pas question que tu deviennes son soufre-douleur. C&#8217;est une garce, une salope, une ordure ! Je te promets qu&#8217;un jour elle nous paiera \u00e7a. <br>Avec son mouchoir \u00e0 carreaux, il essuie mes pleurs<br>&#8211; Tu vas souffler, nom de dieu ! Plus fort que \u00e7a ! Regarde un peu ton vieux ! Et le sourire ? Si tu continues \u00e0 tirer une trombine pareille, je t&#8217;envoie un ramponneau. Allez, debout, on va faire un tour !<br>&#8211; Avec Corniaud ?<br>&#8211; Am\u00e8ne toute ta clique si tu veux. On va accrocher les deux sacoches sur le porte-bagages, et tu fourreras ton petit monde dedans. Si t&#8217;as pas assez de place pour tes gambettes, t&#8217;auras qu&#8217;\u00e0 coincer tes tatanes dans mes poches. En route pour la partie de campagne.<br>&#8211; Et Maman ?<br>&#8211; Qu&#8217;elle cr\u00e8ve ! Si seulement elle pouvait nous d\u00e9barrasser le plancher ! Manque de bol, de nos jours, il y a que la bonne qualit\u00e9 qui s&#8217;use ! Qu&#8217;est-ce qu&#8217;on serait p\u00e9nards si on n&#8217;\u00e9tait que tous les deux ! Tu te taperais la bouffe, le m\u00e9nage, les courses, le raccommodage, et moi je m&#8217;installerais le cul sur une chaise, en engueulant le marmiton s&#8217;il touille trop longtemps le fricot.<br>&#8211; Mon petit Papa ! Je t&#8217;aime beaucoup !<br>&#8211; Et moi donc ! \u00c7a d\u00e9borde ! Et c&#8217;est pas tout ! Ce soir tu partageras mon service de garde \u00e0 l&#8217;usine. <br>Il place le chien d&#8217;un c\u00f4t\u00e9, les chats de l&#8217;autre, et c&#8217;est parti.<\/p>\n\n\n\n<figure class=\"wp-block-gallery has-nested-images columns-default is-cropped wp-block-gallery-2 is-layout-flex wp-block-gallery-is-layout-flex\">\n<figure class=\"wp-block-image size-large is-resized\"><img loading=\"lazy\" decoding=\"async\" width=\"672\" height=\"1024\" data-id=\"20\" src=\"https:\/\/la-voulzie.com\/wp-content\/uploads\/2024\/04\/image-672x1024.png\" alt=\"\" class=\"wp-image-20\" style=\"width:237px;height:auto\" srcset=\"https:\/\/la-voulzie.com\/wp-content\/uploads\/2024\/04\/image-672x1024.png 672w, https:\/\/la-voulzie.com\/wp-content\/uploads\/2024\/04\/image-197x300.png 197w, https:\/\/la-voulzie.com\/wp-content\/uploads\/2024\/04\/image-768x1171.png 768w, https:\/\/la-voulzie.com\/wp-content\/uploads\/2024\/04\/image.png 984w\" sizes=\"auto, (max-width: 672px) 100vw, 672px\" \/><\/figure>\n\n\n\n<figure class=\"wp-block-image size-large is-resized\"><img loading=\"lazy\" decoding=\"async\" width=\"600\" height=\"914\" data-id=\"21\" src=\"https:\/\/la-voulzie.com\/wp-content\/uploads\/2024\/04\/image-1.png\" alt=\"\" class=\"wp-image-21\" style=\"width:237px;height:auto\" srcset=\"https:\/\/la-voulzie.com\/wp-content\/uploads\/2024\/04\/image-1.png 600w, https:\/\/la-voulzie.com\/wp-content\/uploads\/2024\/04\/image-1-197x300.png 197w\" sizes=\"auto, (max-width: 600px) 100vw, 600px\" \/><\/figure>\n<\/figure>\n\n\n\n<p><em><strong>4eme de couverture de &#8220;Les murmures de l&#8217;oubli&#8221; :<\/strong><\/em><\/p>\n\n\n\n<div class=\"wp-block-group is-layout-constrained wp-block-group-is-layout-constrained\">\n<p>Hant\u00e9e par l&#8217;id\u00e9e de vengeance, d\u00e8s qu&#8217;elle le vit, elle sut qu&#8217;elle irait jusqu&#8217;au bout.<br>Il avait pay\u00e9 sa dette \u00e0 la soci\u00e9t\u00e9, mais pas \u00e0 elle&#8230;<br>S&#8217;il advenait qu&#8217;un jour votre vie bascule, que feriez-vous \u00e0 la place du Docteur Doucet ?<\/p>\n\n\n\n<div class=\"wp-block-group is-layout-constrained wp-block-group-is-layout-constrained\">\n<div class=\"wp-block-group is-layout-constrained wp-block-group-is-layout-constrained\">\n<p><em>Viviane Villamont a publi\u00e9 plusieurs romans sous pseudonyme,<\/em> <em>dont &#8220;Le Gu\u00eapiot&#8221;, best-seller traduit en plusieurs langues et adapt\u00e9 au cin\u00e9ma.<\/em><\/p>\n<\/div>\n<\/div>\n\n\n\n<p><em><strong>Extrait de &#8220;Les murmures de l&#8217;oubli&#8221; :<\/strong><\/em><\/p>\n\n\n\n<p>Depuis son veuvage, il s&#8217;\u00e9tait install\u00e9 dans cet appartement \u00e0 la fois spacieux, cossu et moderne. Il occupait tout le troisi\u00e8me \u00e9tage. Sans attendre l&#8217;ascenseur, il se laissa glisser sur la rampe de l&#8217;escalier et atterrit dans le hall devant l&#8217;expression ahurie de la concierge qui sortait ses poubelles.<br>&#8211; Ne vous inqui\u00e9tez pas, Madame Paulin, c&#8217;est une urgence.<br>Il ne pr\u00eata aucune attention \u00e0 ses marmonnements et courut vers sa voiture qui, fort heureusement, \u00e9tait gar\u00e9e dans la rue, juste en face de l&#8217;entr\u00e9e de son immeuble. <br>Il consulta sa montre : 23 h 30. \u00c0 cette heure-l\u00e0, la circulation devait \u00eatre fluide.<br>Arriv\u00e9 sur la place de la mairie du XVIIIe, il ne put se permettre de griller le feu rouge. Un car de police stationnait devant le commissariat. Il tapotait nerveusement sur son volant quand son regard fut attir\u00e9 par une silhouette qui lui semblait famili\u00e8re. Elle se tenait assise \u00e0 l&#8217;int\u00e9rieur d&#8217;une brasserie, face \u00e0 un homme tout habill\u00e9 de gris, m\u00eame ses tempes \u00e9taient en harmonie avec son costume.<br>Tout d&#8217;abord, il ne voulut pas l&#8217;admettre, mais il dut reconnaitre dans cette femme belle et \u00e9l\u00e9gante le docteur Doucet. Son visage semblait \u00e0 la fois s\u00e9v\u00e8re et suppliant. C&#8217;\u00e9tait impossible. Comment une th\u00e9rapeute, qui ne vivait que pour ses malades, pouvait-elle fr\u00e9quenter \u00e0 cette heure tardive un endroit comme celui-l\u00e0&nbsp;?<br>Troubl\u00e9 par cette vision, il faillit oublier sa mission. II rassembla ses esprits et red\u00e9marra en trombe pour rattraper le temps perdu.<br>Lorsqu&#8217;il p\u00e9n\u00e9tra chez Madame Bailly, il d\u00e9couvrit une femme an\u00e9antie. La lumi\u00e8re du vestibule, qui se refl\u00e9tait sur ses cheveux argent\u00e9s, accentuait sa fragilit\u00e9. Elle le fit entrer dans son salon Louis XV, et l&#8217;amena vers Pilou qui reposait sur le canap\u00e9. H\u00e9las, il \u00e9tait trop tard, il venait de mourir.<br>Cr\u00e9pin tenta de consoler Madame Bailly, mais le chagrin de celle-ci \u00e9tait trop profond. Elle balbutia entre deux sanglots :<br>&#8211; Docteur, qu&#8217;est-ce que je vais devenir ? \u00c0 mon \u00e2ge, je ne pourrai pas avoir de chien. Si je disparais, qui s&#8217;occupera de mon nouveau compagnon.<br>&#8211; Mais moi, Madame Bailly, je peux vous assurer que vous ne serez pas seule. Vous pouvez encore faire le bonheur d&#8217;un orphelin de la SPA.<br>Madame Bailly dodelina de la t\u00eate, offrit un sourire triste au docteur Cr\u00e9pin, prit son Pilou dans ses bras et le serra tr\u00e8s fort contre son coeur.<\/p>\n<\/div>\n\n\n\n<div class=\"wp-block-group is-nowrap is-layout-flex wp-container-core-group-is-layout-6c531013 wp-block-group-is-layout-flex\">\n<figure class=\"wp-block-image size-large is-resized\"><img loading=\"lazy\" decoding=\"async\" width=\"644\" height=\"1024\" src=\"https:\/\/la-voulzie.com\/wp-content\/uploads\/2024\/04\/image-2-644x1024.png\" alt=\"\" class=\"wp-image-22\" style=\"width:211px;height:auto\" srcset=\"https:\/\/la-voulzie.com\/wp-content\/uploads\/2024\/04\/image-2-644x1024.png 644w, https:\/\/la-voulzie.com\/wp-content\/uploads\/2024\/04\/image-2-189x300.png 189w, https:\/\/la-voulzie.com\/wp-content\/uploads\/2024\/04\/image-2-768x1222.png 768w, https:\/\/la-voulzie.com\/wp-content\/uploads\/2024\/04\/image-2.png 943w\" sizes=\"auto, (max-width: 644px) 100vw, 644px\" \/><\/figure>\n\n\n\n<figure class=\"wp-block-image alignright size-large is-resized is-style-default\"><img loading=\"lazy\" decoding=\"async\" width=\"686\" height=\"1024\" src=\"https:\/\/la-voulzie.com\/wp-content\/uploads\/2024\/05\/1713180422120-686x1024.jpg\" alt=\"\" class=\"wp-image-62\" style=\"width:223px;height:auto\" srcset=\"https:\/\/la-voulzie.com\/wp-content\/uploads\/2024\/05\/1713180422120-686x1024.jpg 686w, https:\/\/la-voulzie.com\/wp-content\/uploads\/2024\/05\/1713180422120-201x300.jpg 201w, https:\/\/la-voulzie.com\/wp-content\/uploads\/2024\/05\/1713180422120-768x1146.jpg 768w, https:\/\/la-voulzie.com\/wp-content\/uploads\/2024\/05\/1713180422120-1030x1536.jpg 1030w, https:\/\/la-voulzie.com\/wp-content\/uploads\/2024\/05\/1713180422120-1373x2048.jpg 1373w, https:\/\/la-voulzie.com\/wp-content\/uploads\/2024\/05\/1713180422120-scaled.jpg 1716w\" sizes=\"auto, (max-width: 686px) 100vw, 686px\" \/><\/figure>\n<\/div>\n\n\n\n<p><em><strong>4<em><strong>\u00e8<\/strong><\/em>me de couverture de &#8220;Un jour tu me diras merci&#8221;:<\/strong><\/em><\/p>\n\n\n\n<p>Qu&#8217;\u00e9tait une fille na\u00efve de 15 ans, issue d&#8217;un milieu ouvrier dans les ann\u00e9es 50?Probablement l&#8217;un des \u00eatres les plus fragiles au monde.<br>Entre alors dans sa vie un homme de 25 ans plus \u00e2g\u00e9 qu&#8217;elle, un homme conqu\u00e9rant et pervers. Tr\u00e8s vite il devina ce qu&#8217;elle craignait par-dessus tout : &#8220;\u00eatre abandonn\u00e9e&#8221;. <br>C&#8217;est ainsi qu&#8217;il d\u00e9cida en toute conscience d&#8217;en faire son jouet favori, durant des ann\u00e9es. Jusqu&#8217;au jour o\u00f9 un \u00e9v\u00e8nement brutal changea les r\u00e8gles du jeu.<\/p>\n\n\n\n<p class=\"has-text-align-left\"><\/p>\n\n\n\n<p class=\"has-text-align-left\"><\/p>\n\n\n\n<p class=\"has-text-align-left\"><\/p>\n\n\n\n<p><em><strong>Extrait de &#8220;Un jour tu me diras merci&#8221; :<\/strong><\/em><\/p>\n\n\n\n<p>Maintenant, elle devait aller se rafraichir, des amis d&#8217; Alex arrivaient pour le diner.<br>Dans la semaine, Alex et Camille all\u00e8rent r\u00e9cup\u00e9rer le compte rendu de l&#8217;examen psychotechnique. II en prit connaissance, et chercha conseil aupr\u00e8s de Mme. Favier. <br>Avant tout, cette enfant est mal ins\u00e9r\u00e9e dans le r\u00e9el et dans la vie sociale. Elle n&#8217;a aucune base familiale, ni culturelle. Elle ne peut s&#8217;int\u00e9grer \u00e0 aucun milieu, ni \u00e0 celui de son p\u00e8re &#8211; trop primitif, ni celui de sa m\u00e8re &#8211; trop perturbant-, ni \u00e0 celui o\u00f9&nbsp;on l&#8217;a transplant\u00e9e. Son origine et son manque de connaissances font d&#8217;elle une d\u00e9class\u00e9e. Toute orientation demeure tr\u00e8s difficile tant qu&#8217;elle n&#8217;est pas mieux structur\u00e9e. Elle pourrait avoir des dons r\u00e9els pour le th\u00e9\u00e2tre, mais il faudrait en ce domaine un avis autoris\u00e9.<br>&#8211; Le th\u00e9\u00e2tre ?<br>&#8211; Oui, Mlle Hauteville m&#8217;a fait part de son d\u00e9sir d&#8217;\u00eatre com\u00e9dienne depuis l&#8217;\u00e2ge de treize ans.<br>-Et pourquoi n&#8217;en avoir jamais parl\u00e9, Camille ?<br>&#8211; &#8230;<br>&#8211; Quoi qu&#8217;il en soit, M. Favier, je ne peux pas prendre de d\u00e9cision \u00e0 votre place mais je vous conseille de l&#8217;envoyer en Angleterre. Nous en avons parl\u00e9 avec Mlle Hauteville. Cet \u00e9loignement pr\u00e9sentera l&#8217;avantage de la s\u00e9parer de tout ce contexte d\u00e9vastateur pour elle, et lui permettra de partir sur des bases plus saines.<\/p>\n\n\n\n<p class=\"has-text-align-center\">***<\/p>\n\n\n\n<p>Pour son premier voyage en avion, Alex pla\u00e7a Camille \u00e0 c\u00f4t\u00e9 du pilot, boucla sa ceinture et commenta l&#8217;exploit de Cl\u00e9ment Ader. Tandis qu&#8217;il parlait, un \u00e9norme bruit la fit sursauter. Elle ne devait pas s&#8217;inqui\u00e9ter, ils allaient d\u00e9coller.<br>Dans l&#8217;air, une h\u00f4tesse leur apporta des jus de fruits. Alex en prit un pour commencer une longue d\u00e9monstration.<\/p>\n\n\n\n<figure class=\"wp-block-gallery has-nested-images columns-default is-cropped wp-block-gallery-3 is-layout-flex wp-block-gallery-is-layout-flex\">\n<figure class=\"wp-block-image size-large is-resized\"><img loading=\"lazy\" decoding=\"async\" width=\"668\" height=\"1024\" data-id=\"27\" src=\"https:\/\/la-voulzie.com\/wp-content\/uploads\/2024\/04\/image-3-668x1024.png\" alt=\"\" class=\"wp-image-27\" style=\"width:226px;height:auto\" srcset=\"https:\/\/la-voulzie.com\/wp-content\/uploads\/2024\/04\/image-3-668x1024.png 668w, https:\/\/la-voulzie.com\/wp-content\/uploads\/2024\/04\/image-3-196x300.png 196w, https:\/\/la-voulzie.com\/wp-content\/uploads\/2024\/04\/image-3-768x1178.png 768w, https:\/\/la-voulzie.com\/wp-content\/uploads\/2024\/04\/image-3.png 978w\" sizes=\"auto, (max-width: 668px) 100vw, 668px\" \/><\/figure>\n\n\n\n<figure class=\"wp-block-image size-large is-resized\"><img loading=\"lazy\" decoding=\"async\" width=\"600\" height=\"920\" data-id=\"28\" src=\"https:\/\/la-voulzie.com\/wp-content\/uploads\/2024\/04\/image-4.png\" alt=\"\" class=\"wp-image-28\" style=\"width:231px;height:auto\" srcset=\"https:\/\/la-voulzie.com\/wp-content\/uploads\/2024\/04\/image-4.png 600w, https:\/\/la-voulzie.com\/wp-content\/uploads\/2024\/04\/image-4-196x300.png 196w\" sizes=\"auto, (max-width: 600px) 100vw, 600px\" \/><\/figure>\n<\/figure>\n\n\n\n<p><em><strong>Extrait de &#8220;Avant d&#8217;entrer, pri\u00e8re d&#8217;essuyer vos pieds sur le paillasson !&#8221; :<\/strong><\/em><\/p>\n\n\n\n<p>Sept heures sonnaient \u00e0 la paroisse Saint-Leu quand Claire Dormentin ouvrit ses volets. Elle contempla quelques instants les toits de Paris. Une lumi\u00e8re grise, encore \u00e9paisse, semblait sortir des chemin\u00e9es. L&#8217;aile d&#8217;un moineau curieux fr\u00f4la sa main, elle sursauta et referma sa fen\u00eatre. D&#8217;un pas pr\u00e9cipit\u00e9 ,elle se dirigea vers la cuisine, afin d&#8217;y pr\u00e9parer son petit-d\u00e9jeuner. Un caf\u00e9, quelques biscottes. Chacun de ses gestes demeurait pr\u00e9cis et adroit. Apr\u00e8s avoir nettoy\u00e9 ses couverts qui encombraient l&#8217;\u00e9vier, elle inspecta une derni\u00e8re fois les lieux. La pendule indiquait 7h30, l&#8217;heure de se rendre au bureau. Elle prit sa veste grise, son parapluie et son chapeau, d\u00e9tacha de sa ceinture le trousseau de clef, trois grosses pour la porte d&#8217;entr\u00e9e et trois petites : celle du coffre, de la bo\u00eete aux lettres, et du cadenas de la cave.<\/p>\n\n\n\n<p><\/p>\n\n\n\n<p><\/p>\n\n\n\n<p class=\"has-text-align-right\"><em>R\u00e9alisation Leandro Fourgeaux<\/em><\/p>\n\n\n\n<p><\/p>\n","protected":false},"excerpt":{"rendered":"<p>Texte original du roman Le Gu\u00eapiot \/ Sortie fin octobre chez la Fnac.com Texte de la 4eme de couverture : \u2013 Mademoiselle Hauteville, que faites-vous en bas des escaliers, habill\u00e9e comme en hiver ?\u2013 J\u2019attends mon papa. \u2013 Ici vous \u00eates dans un orphelinat, vous n\u2019avez toujours pas compris que vos parents vous ont abandonn\u00e9e. [&hellip;]<\/p>\n","protected":false},"author":1,"featured_media":0,"parent":0,"menu_order":0,"comment_status":"closed","ping_status":"closed","template":"","meta":{"footnotes":""},"class_list":["post-34","page","type-page","status-publish","hentry"],"_links":{"self":[{"href":"https:\/\/la-voulzie.com\/index.php\/wp-json\/wp\/v2\/pages\/34","targetHints":{"allow":["GET"]}}],"collection":[{"href":"https:\/\/la-voulzie.com\/index.php\/wp-json\/wp\/v2\/pages"}],"about":[{"href":"https:\/\/la-voulzie.com\/index.php\/wp-json\/wp\/v2\/types\/page"}],"author":[{"embeddable":true,"href":"https:\/\/la-voulzie.com\/index.php\/wp-json\/wp\/v2\/users\/1"}],"replies":[{"embeddable":true,"href":"https:\/\/la-voulzie.com\/index.php\/wp-json\/wp\/v2\/comments?post=34"}],"version-history":[{"count":21,"href":"https:\/\/la-voulzie.com\/index.php\/wp-json\/wp\/v2\/pages\/34\/revisions"}],"predecessor-version":[{"id":99,"href":"https:\/\/la-voulzie.com\/index.php\/wp-json\/wp\/v2\/pages\/34\/revisions\/99"}],"wp:attachment":[{"href":"https:\/\/la-voulzie.com\/index.php\/wp-json\/wp\/v2\/media?parent=34"}],"curies":[{"name":"wp","href":"https:\/\/api.w.org\/{rel}","templated":true}]}}